{"id":53,"date":"2025-12-21T11:20:56","date_gmt":"2025-12-21T14:20:56","guid":{"rendered":"https:\/\/sindierj.org.br\/sindierj\/?page_id=53"},"modified":"2025-12-21T16:41:16","modified_gmt":"2025-12-21T19:41:16","slug":"institucional","status":"publish","type":"page","link":"https:\/\/sindierj.org.br\/sindierj\/institucional\/","title":{"rendered":"INSTITUCIONAL"},"content":{"rendered":"\t\t<div data-elementor-type=\"wp-page\" data-elementor-id=\"53\" class=\"elementor elementor-53\" data-elementor-post-type=\"page\">\n\t\t\t\t<div class=\"elementor-element elementor-element-4d5b846 e-flex e-con-boxed e-con e-parent\" data-id=\"4d5b846\" data-element_type=\"container\">\n\t\t\t\t\t<div class=\"e-con-inner\">\n\t\t\t\t<div class=\"elementor-element elementor-element-82f2ab7 elementor-widget elementor-widget-text-editor\" data-id=\"82f2ab7\" data-element_type=\"widget\" data-widget_type=\"text-editor.default\">\n\t\t\t\t\t\t\t\t\t<h4>O SINDIERJ \u2013 Sindicato dos Trabalhadores de Tecnologia e Informa\u00e7\u00e3o, os trabalhadores em inform\u00e1tica, cursos e treinamentos, lan houses, cyber caf\u00e9s e manuten\u00e7\u00e3o de m\u00e1quinas do Estado do Rio de Janeiro.<\/h4><h5>\ud83d\udccc Nossa miss\u00e3o \u00e9 defender os direitos da categoria, lutar por melhores condi\u00e7\u00f5es de trabalho e valorizar cada trabalhador e trabalhadora do setor.<\/h5><p><strong>Base de atua\u00e7\u00e3o:<\/strong> <br \/>Profissional dos trabalhadores, das \u00e1reas t\u00e9cnicas, administrativas e operacionais, sejam, diretamente contratados CLT, tempor\u00e1rios ou atrav\u00e9s de terceiriza\u00e7\u00e3o, bem como, aqueles que desenvolvem suas atividades profissionais sob qualquer v\u00ednculo jur\u00eddico nas empresas de Cursos de Inform\u00e1tica, Manuten\u00e7\u00e3o e Repara\u00e7\u00e3o de M\u00e1quinas de Escrit\u00f3rio e Equipamentos de Inform\u00e1tica, de Jogos de Entretenimento na Internet, Hospedagem de Site, Lan House e Cyber Caf\u00e9, nas empresas do segmento das seguintes categorias econ\u00f4micas: repara\u00e7\u00e3o, reforma, remanufatura, consertos, reparos, montagem e manuten\u00e7\u00e3o de m\u00e1quinas de escrit\u00f3rio e computadores, equipamentos perif\u00e9ricos de inform\u00e1tica, equipamentos de tecnologia da informa\u00e7\u00e3o, smartphone, tabletes, instala\u00e7\u00e3o de sistemas, repara\u00e7\u00e3o, reforma e manuten\u00e7\u00e3o e ou assist\u00eancia de caixas banc\u00e1rios eletr\u00f4nicos e equipamentos emissores de cupons m\u00e1quinas m\u00f3veis de leitura de cart\u00f5es d\u00e9bito e ou cr\u00e9dito, e de suporte t\u00e9cnico, consultoria em tecnologia da informa\u00e7\u00e3o, assessoria em software, programas de inform\u00e1tica, servi\u00e7os de apoio na configura\u00e7\u00e3o de equipamentos, instala\u00e7\u00e3o e uso de aplicativos inform\u00e1ticos, apoio a clientes help desk, assist\u00eancia, manuten\u00e7\u00e3o, configura\u00e7\u00e3o de equipamentos. Instala\u00e7\u00e3o e Uso de Aplicativos Inform\u00e1ticos, Servi\u00e7os de Apoio a Clientes, Configura\u00e7\u00e3o de Equipamentos de Inform\u00e1tica, Servi\u00e7os de Instala\u00e7\u00e3o de Programas de Inform\u00e1tica, Servi\u00e7os de Instala\u00e7\u00e3o de Software, Servi\u00e7os de Manuten\u00e7\u00e3o de Programas de Inform\u00e1tica, Servi\u00e7os de Manuten\u00e7\u00e3o de Sistemas Inform\u00e1ticos, Manuten\u00e7\u00e3o em Tecnologia da Informa\u00e7\u00e3o, Recupera\u00e7\u00e3o de Panes Inform\u00e1ticas, Servi\u00e7os de Recupera\u00e7\u00e3o de Arquivos, Servi\u00e7os de Recupera\u00e7\u00e3o de Panes bugs, erros intermitentes em Programas de Inform\u00e1tica, Servi\u00e7os de Seguran\u00e7a em Inform\u00e1tica, Antiv\u00edrus, Criptografia, Autentica\u00e7\u00e3o, Detec\u00e7\u00e3o de Hackers, Servi\u00e7os de Seguran\u00e7a em Tecnologia da Informa\u00e7\u00e3o, Suporte T\u00e9cnico em Tecnologia da Informa\u00e7\u00e3o, Servi\u00e7os de Suporte e Manuten\u00e7\u00e3o de Hardware, Inclusive Upgrade, instala\u00e7\u00e3o e uso de aplicativos inform\u00e1ticos, configura\u00e7\u00e3o de equipamentos de inform\u00e1tica, instala\u00e7\u00e3o de programas de inform\u00e1tica, instala\u00e7\u00e3o e atualiza\u00e7\u00e3o de software, manuten\u00e7\u00e3o de programas e sistemas de inform\u00e1tica, suporte t\u00e9cnico em inform\u00e1tica e tecnologia da informa\u00e7\u00e3o, sejam presenciais, sejam remotos, e outros servi\u00e7os em tecnologia da informa\u00e7\u00e3o, recarga e remanufatura de cartuchos de impressoras e equipamentos de impress\u00e3o, jogos de entretenimento na rede mundial de computadores, empresas de cria\u00e7\u00e3o e desenvolvimento de jogos on-line e multi plataforma, incluindo todos os tipos de consoles, sendo port\u00e1teis ou n\u00e3o, hospedagem e transmiss\u00e3o digital e ou virtual de conte\u00fado multim\u00eddia via streaming e ou Podcast, Broadcast, Unicast, Multicast, explora\u00e7\u00e3o de jogos no computador, celular, smartphone, tablet, v\u00eddeo games, lan house e cyber caf\u00e9. Aluguel de Hora em Computador, servi\u00e7os de sistemas e suporte de inform\u00e1tica, treinamento em inform\u00e1tica, cursos e treinamentos de manuten\u00e7\u00e3o e inform\u00e1tica, cursos de inform\u00e1tica franqueados, cursos de inform\u00e1tica com venda de material did\u00e1tico inerente aos cursos de inform\u00e1tica, ensino e educa\u00e7\u00e3o via intemet. Aulas de Inform\u00e1tica, curso. Ensino de Rob\u00f3tica, ensino de Tecnologias da Informa\u00e7\u00e3o e Acesso \u00e0 Internet, empresas de sistemas de seguran\u00e7a digital, de sistemas de computadores e perif\u00e9ricos, desenvolvimento, manuten\u00e7\u00e3o e suporte de seguran\u00e7a digital e digital patrimonial, Servi\u00e7os de Hospedagem de P\u00e1ginas, desenvolvimento e manuten\u00e7\u00e3o de BLOGS e Sites, Web Hosting, Servi\u00e7os de Compartilhamento de Computadores, Servi\u00e7os de Hospedagem na Internet, Web Hosting, instala\u00e7\u00e3o, manuten\u00e7\u00e3o, suporte, configura\u00e7\u00e3o de servidores f\u00edsicos e ou virtuais. Liquida\u00e7\u00e3o de Transa\u00e7\u00f5es com Cart\u00f5es de Cr\u00e9dito e D\u00e9bito, Desenvolvimento de Projetos para Instala\u00e7\u00f5es de Rede, Atualiza\u00e7\u00e3o de Software, Programas de Inform\u00e1tica sob Encomenda, Assessoria em Software, Programas de Inform\u00e1tica, Servi\u00e7os de Solu\u00e7\u00f5es Eletr\u00f4nicas Comerciais na Transmiss\u00e3o, compila\u00e7\u00e3o e Liquida\u00e7\u00e3o Financeira com Cart\u00f5es de Cr\u00e9dito e D\u00e9bito, Gateway de Pagamentos, Cobran\u00e7as e transa\u00e7\u00f5es eletr\u00f4nicas tanto de moeda corrente quanto moeda virtual tipo bitcoins, Guarda de Documentos na Forma Eletr\u00f4nica, uso Compartilhado de Instala\u00e7\u00f5es Inform\u00e1ticas de tecnologia da informa\u00e7\u00e3o, instala\u00e7\u00e3o, manuten\u00e7\u00e3o e repara\u00e7\u00e3o de antenas e sistemas de tecnologia da informa\u00e7\u00e3o e computadores, cria\u00e7\u00e3o, desenvolvimento e servi\u00e7os de manuten\u00e7\u00e3o e atualiza\u00e7\u00e3o de aplicativos para dispositivos m\u00f3veis, dentre eles, drones, smartphones, tabletes, simula\u00e7\u00e3o de ambientes, cria\u00e7\u00e3o, desenvolvimento e manuten\u00e7\u00e3o de programas e ou aplicativos de automa\u00e7\u00e3o automotiva, de rob\u00f3tica e navega\u00e7\u00e3o via GPS, cria\u00e7\u00e3o, desenvolvimento e manuten\u00e7\u00e3o de programas e sistemas de navega\u00e7\u00e3o na rede mundial de computadores, cria\u00e7\u00e3o, desenvolvimento, manuten\u00e7\u00e3o e consultoria de programas de navega\u00e7\u00e3o intranet, cria\u00e7\u00e3o, desenvolvimento, manuten\u00e7\u00e3o de software e hardware de controle \u00e0 dist\u00e2ncia ou por conex\u00e3o f\u00edsica de rob\u00f3tica, com exce\u00e7\u00e3o dos trabalhadores nas empresas de processamento de dados, provedores de acesso, portais de busca de intemet, p\u00e1ginas de sites de busca.<\/p>\t\t\t\t\t\t\t\t<\/div>\n\t\t\t\t\t<\/div>\n\t\t\t\t<\/div>\n\t\t\t\t<\/div>\n\t\t","protected":false},"excerpt":{"rendered":"<p>O SINDIERJ \u2013 Sindicato dos Trabalhadores de Tecnologia e Informa\u00e7\u00e3o, os trabalhadores em inform\u00e1tica, cursos e treinamentos, lan houses, cyber caf\u00e9s e manuten\u00e7\u00e3o de m\u00e1quinas do Estado do Rio de Janeiro. \ud83d\udccc Nossa miss\u00e3o \u00e9 defender os direitos da categoria, lutar por melhores condi\u00e7\u00f5es de trabalho e valorizar cada trabalhador e trabalhadora do setor. Base [&hellip;]<\/p>\n","protected":false},"author":1,"featured_media":0,"parent":0,"menu_order":0,"comment_status":"closed","ping_status":"closed","template":"","meta":{"footnotes":""},"class_list":["post-53","page","type-page","status-publish","hentry"],"_links":{"self":[{"href":"https:\/\/sindierj.org.br\/sindierj\/wp-json\/wp\/v2\/pages\/53","targetHints":{"allow":["GET"]}}],"collection":[{"href":"https:\/\/sindierj.org.br\/sindierj\/wp-json\/wp\/v2\/pages"}],"about":[{"href":"https:\/\/sindierj.org.br\/sindierj\/wp-json\/wp\/v2\/types\/page"}],"author":[{"embeddable":true,"href":"https:\/\/sindierj.org.br\/sindierj\/wp-json\/wp\/v2\/users\/1"}],"replies":[{"embeddable":true,"href":"https:\/\/sindierj.org.br\/sindierj\/wp-json\/wp\/v2\/comments?post=53"}],"version-history":[{"count":4,"href":"https:\/\/sindierj.org.br\/sindierj\/wp-json\/wp\/v2\/pages\/53\/revisions"}],"predecessor-version":[{"id":276,"href":"https:\/\/sindierj.org.br\/sindierj\/wp-json\/wp\/v2\/pages\/53\/revisions\/276"}],"wp:attachment":[{"href":"https:\/\/sindierj.org.br\/sindierj\/wp-json\/wp\/v2\/media?parent=53"}],"curies":[{"name":"wp","href":"https:\/\/api.w.org\/{rel}","templated":true}]}}